{"id":133,"date":"2024-02-07T21:49:01","date_gmt":"2024-02-07T21:49:01","guid":{"rendered":"https:\/\/estrategiapreponderante.pt\/site\/index.php\/quem-somos\/"},"modified":"2024-02-08T18:32:09","modified_gmt":"2024-02-08T18:32:09","slug":"quem-somos","status":"publish","type":"page","link":"https:\/\/www.estrategiapreponderante.pt\/site\/quem-somos\/","title":{"rendered":"Quem somos"},"content":{"rendered":"\n    \n    <section class=\"u-align-left u-clearfix u-section-2\" id=\"carousel_1c33\">\n      <div class=\"u-clearfix u-sheet u-sheet-1\">\n        <div class=\"u-clearfix u-expanded-width u-layout-wrap u-layout-wrap-1\">\n          <div class=\"u-layout\">\n            <div class=\"u-layout-row\">\n              <div class=\"u-container-style u-image u-layout-cell u-size-30 u-image-1\" data-image-width=\"1280\" data-image-height=\"905\" style=\"background-image: url(&quot;https:\/\/www.estrategiapreponderante.pt\/site\/wp-content\/uploads\/2024\/02\/03fea96bff7f7bcf15d1578e209e21cc787fabfc36bb78c2d08079664b9b7e6a559acfee1c7448856afd16d15049a1b82dca50a4548cf91ade881d_1280.jpg&quot;);\">\n                <div class=\"u-container-layout u-container-layout-1\"><\/div>\n              <\/div>\n              <div class=\"u-container-style u-layout-cell u-shape-rectangle u-size-30 u-layout-cell-2\">\n                <div class=\"u-container-layout u-container-layout-2\">\n                  <h2 class=\"u-align-left u-custom-font u-font-montserrat u-text u-text-default u-text-1\">Quem somos...<\/h2>\n                  <div class=\"u-border-10 u-border-palette-1-base u-line u-line-horizontal u-line-1\"><\/div>\n                  <h4 class=\"u-align-left u-text u-text-2\">Miss\u00e3o<\/h4>\n                  <p class=\"u-align-justify u-custom-font u-font-montserrat u-text u-text-3\"> \u00c9 nossa Miss\u00e3o, gerar valor e sustentabilidade ao seu neg\u00f3cio, com servi\u00e7os alicer\u00e7ados na compet\u00eancia t\u00e9cnica e capacidade de inova\u00e7\u00e3o.&nbsp;&nbsp;&nbsp;<br>\n                  <\/p>\n                  <h4 class=\"u-align-left u-text u-text-4\">Vis\u00e3o<\/h4>\n                  <p class=\"u-align-justify u-custom-font u-font-montserrat u-text u-text-5\"> Ambicionamos ter um papel ativo e preponderante na proje\u00e7\u00e3o do tecido empresarial da nossa regi\u00e3o. <br>\n                  <\/p>\n                  <h4 class=\"u-align-left u-text u-text-6\">Valores<\/h4>\n                  <p class=\"u-align-justify u-custom-font u-font-montserrat u-text u-text-7\"> Profissionalismo; Rigor; \u00c9tica; Esp\u00edrito Inovador; Sustentabilidade. <br>\n                  <\/p>\n                <\/div>\n              <\/div>\n            <\/div>\n          <\/div>\n        <\/div>\n      <\/div>\n    <\/section>\n    <section class=\"u-align-center u-clearfix u-grey-40 u-section-3\" id=\"sec-561a\">\n      <div class=\"u-clearfix u-sheet u-sheet-1\">\n        <h4 class=\"u-text u-text-1\"> \u201cQuem nunca errou, nunca experimentou nada de novo\u201d<\/h4>\n        <p class=\"u-align-right u-text u-text-2\">Albert Eistein<\/p>\n      <\/div>\n    <\/section>\n    <section class=\"u-clearfix u-palette-1-base u-section-4\" id=\"sec-bc75\">\n      <div class=\"u-clearfix u-sheet u-sheet-1\">\n        <a href=\"https:\/\/www.livroreclamacoes.pt\/Pedido\/Reclamacao\" class=\"u-border-1 u-border-active-palette-2-base u-border-hover-palette-1-base u-border-no-left u-border-no-right u-border-no-top u-btn u-button-style u-none u-text-body-alt-color u-btn-1\" target=\"_blank\">Livro de Reclama\u00e7\u00f5es <\/a>\n        <a href=\"https:\/\/www.estrategiapreponderante.pt\/site\/politica\/\" class=\"u-border-1 u-border-active-palette-2-base u-border-hover-palette-1-base u-border-no-left u-border-no-right u-border-no-top u-btn u-button-style u-none u-text-body-alt-color u-btn-2\">Pol\u00edtica de Privacidade <\/a>\n      <\/div>\n    <\/section>\n    \n    \n    \n  \n","protected":false},"excerpt":{"rendered":"<p>Quem somos&#8230; Miss\u00e3o \u00c9 nossa Miss\u00e3o, gerar valor e sustentabilidade ao seu neg\u00f3cio, com servi\u00e7os alicer\u00e7ados na compet\u00eancia t\u00e9cnica e capacidade de inova\u00e7\u00e3o.&nbsp;&nbsp;&nbsp; Vis\u00e3o Ambicionamos ter um papel ativo e preponderante na proje\u00e7\u00e3o do tecido empresarial da nossa regi\u00e3o. Valores Profissionalismo; Rigor; \u00c9tica; Esp\u00edrito Inovador; Sustentabilidade. \u201cQuem nunca errou, nunca experimentou nada de novo\u201d Albert &hellip; <a href=\"https:\/\/www.estrategiapreponderante.pt\/site\/quem-somos\/\" class=\"more-link\">Continue reading<span class=\"screen-reader-text\"> &#8220;Quem somos&#8221;<\/span><\/a><\/p>\n","protected":false},"author":2,"featured_media":0,"parent":0,"menu_order":4,"comment_status":"closed","ping_status":"closed","template":"","meta":{"footnotes":""},"class_list":["post-133","page","type-page","status-publish","hentry"],"_links":{"self":[{"href":"https:\/\/www.estrategiapreponderante.pt\/site\/wp-json\/wp\/v2\/pages\/133","targetHints":{"allow":["GET"]}}],"collection":[{"href":"https:\/\/www.estrategiapreponderante.pt\/site\/wp-json\/wp\/v2\/pages"}],"about":[{"href":"https:\/\/www.estrategiapreponderante.pt\/site\/wp-json\/wp\/v2\/types\/page"}],"author":[{"embeddable":true,"href":"https:\/\/www.estrategiapreponderante.pt\/site\/wp-json\/wp\/v2\/users\/2"}],"replies":[{"embeddable":true,"href":"https:\/\/www.estrategiapreponderante.pt\/site\/wp-json\/wp\/v2\/comments?post=133"}],"version-history":[{"count":5,"href":"https:\/\/www.estrategiapreponderante.pt\/site\/wp-json\/wp\/v2\/pages\/133\/revisions"}],"predecessor-version":[{"id":351,"href":"https:\/\/www.estrategiapreponderante.pt\/site\/wp-json\/wp\/v2\/pages\/133\/revisions\/351"}],"wp:attachment":[{"href":"https:\/\/www.estrategiapreponderante.pt\/site\/wp-json\/wp\/v2\/media?parent=133"}],"curies":[{"name":"wp","href":"https:\/\/api.w.org\/{rel}","templated":true}]}}