{"id":132,"date":"2024-02-07T21:49:00","date_gmt":"2024-02-07T21:49:00","guid":{"rendered":"https:\/\/estrategiapreponderante.pt\/site\/index.php\/contacto\/"},"modified":"2024-02-08T18:20:54","modified_gmt":"2024-02-08T18:20:54","slug":"contacto","status":"publish","type":"page","link":"https:\/\/www.estrategiapreponderante.pt\/site\/contacto\/","title":{"rendered":"Contacto"},"content":{"rendered":"\n    \n    <section class=\"u-clearfix u-image u-section-2\" id=\"sec-94d4\" data-image-width=\"1620\" data-image-height=\"1080\" style=\"background-image: url(&quot;https:\/\/www.estrategiapreponderante.pt\/site\/wp-content\/uploads\/2024\/02\/jhhhhhh.jpg&quot;);\">\n      <div class=\"u-expanded-width u-opacity u-opacity-50 u-palette-1-base u-shape u-shape-rectangle u-shape-1\"><\/div>\n    <\/section>\n    <section class=\"u-align-center u-clearfix u-section-3\" id=\"sec-d571\">\n      <div class=\"u-clearfix u-sheet u-sheet-1\">\n        <div class=\"u-clearfix u-expanded-width u-gutter-10 u-layout-wrap u-layout-wrap-1\">\n          <div class=\"u-gutter-0 u-layout\">\n            <div class=\"u-layout-row\">\n              <div class=\"u-size-30\">\n                <div class=\"u-layout-col\">\n                  <div class=\"u-align-left u-container-style u-layout-cell u-left-cell u-size-30 u-layout-cell-1\">\n                    <div class=\"u-container-layout u-container-layout-1\">\n                      <h4 class=\"u-text u-text-custom-color-1 u-text-1\"> Estrat\u00e9gia Preponderante, Unip., Lda<\/h4>\n                      <p class=\"u-text u-text-2\"> Avenida da Anil, n\u00ba3, 1\u00ba andar, n\u00ba 9<\/p>\n                      <p class=\"u-text u-text-3\"> 6200-502 COVILH\u00c3<\/p>\n                      <p class=\"u-text u-text-4\">geral@estrategiapreponderante.pt<\/p>\n                    <\/div>\n                  <\/div>\n                  <div class=\"u-align-left u-container-style u-layout-cell u-left-cell u-size-30 u-layout-cell-2\">\n                    <div class=\"u-container-layout u-container-layout-2\">\n                      <h3 class=\"u-text u-text-default u-text-5\">Contacte-nos<\/h3>\n                      <div class=\"u-form u-form-1\">\n                        <form action=\"https:\/\/forms.nicepagesrv.com\/v2\/form\/process\" class=\"u-clearfix u-form-spacing-10 u-form-vertical u-inner-form\" style=\"padding: 10px\" source=\"email\" name=\"form-5\">\n                          <div class=\"u-form-group u-form-name u-label-none\">\n                            <label for=\"name-5359\" class=\"u-label\">Name<\/label>\n                            <input type=\"text\" placeholder=\"Nome \" id=\"name-5359\" name=\"name\" class=\"u-input u-input-rectangle\" required=\"\">\n                          <\/div>\n                          <div class=\"u-form-email u-form-group u-label-none\">\n                            <label for=\"email-5359\" class=\"u-label\">Email<\/label>\n                            <input type=\"email\" placeholder=\"Email\" id=\"email-5359\" name=\"email\" class=\"u-input u-input-rectangle\" required=\"\">\n                          <\/div>\n                          <div class=\"u-form-group u-form-message u-label-none\">\n                            <label for=\"message-5359\" class=\"u-label\">Address<\/label>\n                            <textarea placeholder=\"Mensagem\" rows=\"4\" cols=\"50\" id=\"message-5359\" name=\"message\" class=\"u-input u-input-rectangle\" required=\"\"><\/textarea>\n                          <\/div>\n                          <div class=\"u-form-group u-form-submit\">\n                            <a href=\"#\" class=\"u-btn u-btn-submit u-button-style\">Enviar<\/a>\n                            <input type=\"submit\" value=\"submit\" class=\"u-form-control-hidden\">\n                          <\/div>\n                          <div class=\"u-form-send-message u-form-send-success\">Thank you! Your message has been sent.<\/div>\n                          <div class=\"u-form-send-error u-form-send-message\">Unable to send your message. Please fix errors then try again.<\/div>\n                          <input type=\"hidden\" value=\"\" name=\"recaptchaResponse\">\n                          <input type=\"hidden\" name=\"formServices\" value=\"5212676a09d788cc61634212a52a062d\">\n                          <input type=\"hidden\" name=\"siteKey\" value=\"6Lek6MojAAAAAF-2yrXsv5yPF3OckqwHnr2Uh9N9\">\n                        <\/form>\n                      <\/div>\n                    <\/div>\n                  <\/div>\n                <\/div>\n              <\/div>\n              <div class=\"u-size-30\">\n                <div class=\"u-layout-col\">\n                  <div class=\"u-align-left u-container-style u-layout-cell u-right-cell u-size-60 u-layout-cell-3\">\n                    <div class=\"u-container-layout u-container-layout-3\">\n                      <div class=\"u-expanded u-grey-light-2 u-map\">\n                        <div class=\"embed-responsive\">\n                          <iframe class=\"embed-responsive-item\" src=\"\/\/maps.google.com\/maps?output=embed&amp;q=Avenida%20da%20Anil%2C%20n%C2%BA3%2C%201%C2%BA%20andar%2C%20n%C2%BA%209%0A6200-502%20COVILH%C3%83&amp;z=17&amp;t=m\" data-map=\"JTdCJTIyYWRkcmVzcyUyMiUzQSUyMkF2ZW5pZGElMjBkYSUyMEFuaWwlMkMlMjBuJUMyJUJBMyUyQyUyMDElQzIlQkElMjBhbmRhciUyQyUyMG4lQzIlQkElMjA5JTVDbjYyMDAtNTAyJTIwQ09WSUxIJUMzJTgzJTIyJTJDJTIyem9vbSUyMiUzQTE3JTJDJTIydHlwZUlkJTIyJTNBJTIycm9hZCUyMiUyQyUyMmxhbmclMjIlM0ElMjIlMjIlN0Q=\"><\/iframe>\n                        <\/div>\n                      <\/div>\n                    <\/div>\n                  <\/div>\n                <\/div>\n              <\/div>\n            <\/div>\n          <\/div>\n        <\/div>\n      <\/div>\n    <\/section>\n    <section class=\"u-clearfix u-palette-1-base u-section-4\" id=\"sec-b9b4\">\n      <div class=\"u-clearfix u-sheet u-sheet-1\">\n        <a href=\"https:\/\/www.livroreclamacoes.pt\/Pedido\/Reclamacao\" class=\"u-border-1 u-border-active-palette-2-base u-border-hover-palette-1-base u-border-no-left u-border-no-right u-border-no-top u-btn u-button-style u-none u-text-body-alt-color u-btn-1\" target=\"_blank\">Livro de Reclama\u00e7\u00f5es <\/a>\n        <a href=\"https:\/\/www.estrategiapreponderante.pt\/site\/politica\/\" class=\"u-border-1 u-border-active-palette-2-base u-border-hover-palette-1-base u-border-no-left u-border-no-right u-border-no-top u-btn u-button-style u-none u-text-body-alt-color u-btn-2\">Pol\u00edtica de Privacidade <\/a>\n      <\/div>\n    <\/section>\n    \n    \n    \n  \n","protected":false},"excerpt":{"rendered":"<p>Estrat\u00e9gia Preponderante, Unip., Lda Avenida da Anil, n\u00ba3, 1\u00ba andar, n\u00ba 9 6200-502 COVILH\u00c3 geral@estrategiapreponderante.pt Contacte-nos Name Email Address Enviar Thank you! Your message has been sent. Unable to send your message. Please fix errors then try again. Livro de Reclama\u00e7\u00f5es Pol\u00edtica de Privacidade<\/p>\n","protected":false},"author":2,"featured_media":0,"parent":0,"menu_order":3,"comment_status":"closed","ping_status":"closed","template":"","meta":{"footnotes":""},"class_list":["post-132","page","type-page","status-publish","hentry"],"_links":{"self":[{"href":"https:\/\/www.estrategiapreponderante.pt\/site\/wp-json\/wp\/v2\/pages\/132","targetHints":{"allow":["GET"]}}],"collection":[{"href":"https:\/\/www.estrategiapreponderante.pt\/site\/wp-json\/wp\/v2\/pages"}],"about":[{"href":"https:\/\/www.estrategiapreponderante.pt\/site\/wp-json\/wp\/v2\/types\/page"}],"author":[{"embeddable":true,"href":"https:\/\/www.estrategiapreponderante.pt\/site\/wp-json\/wp\/v2\/users\/2"}],"replies":[{"embeddable":true,"href":"https:\/\/www.estrategiapreponderante.pt\/site\/wp-json\/wp\/v2\/comments?post=132"}],"version-history":[{"count":3,"href":"https:\/\/www.estrategiapreponderante.pt\/site\/wp-json\/wp\/v2\/pages\/132\/revisions"}],"predecessor-version":[{"id":347,"href":"https:\/\/www.estrategiapreponderante.pt\/site\/wp-json\/wp\/v2\/pages\/132\/revisions\/347"}],"wp:attachment":[{"href":"https:\/\/www.estrategiapreponderante.pt\/site\/wp-json\/wp\/v2\/media?parent=132"}],"curies":[{"name":"wp","href":"https:\/\/api.w.org\/{rel}","templated":true}]}}