{"id":130,"date":"2024-02-07T21:48:58","date_gmt":"2024-02-07T21:48:58","guid":{"rendered":"https:\/\/estrategiapreponderante.pt\/site\/index.php\/entrada\/"},"modified":"2024-04-16T11:54:29","modified_gmt":"2024-04-16T11:54:29","slug":"entrada","status":"publish","type":"page","link":"https:\/\/www.estrategiapreponderante.pt\/site\/","title":{"rendered":"Entrada"},"content":{"rendered":"\n    \n    <section class=\"u-align-center u-clearfix u-image u-section-2\" id=\"sec-edee\" data-image-width=\"1620\" data-image-height=\"1080\" style=\"background-image: url(&quot;https:\/\/www.estrategiapreponderante.pt\/site\/wp-content\/uploads\/2024\/02\/jhhhhhh.jpg&quot;);\">\n      <div class=\"u-absolute-hcenter u-expanded u-opacity u-opacity-45 u-palette-1-base u-shape u-shape-rectangle u-shape-1\"><\/div>\n      <div class=\"u-align-center u-container-style u-expanded-width u-group u-shape-rectangle u-group-1\">\n        <div class=\"u-container-layout u-container-layout-1\">\n          <h2 class=\"u-text u-text-body-alt-color u-text-1\" data-animation-name=\"customAnimationIn\" data-animation-duration=\"1500\" data-animation-delay=\"500\"> O Nosso Profissionalismo&nbsp;<br>ao Servi\u00e7o da Sua Empresa \n          <\/h2>\n          <div class=\"u-border-2 u-border-white u-line u-line-horizontal u-line-1\"><\/div>\n          <p class=\"u-text u-text-white u-text-2\" data-animation-name=\"customAnimationIn\" data-animation-duration=\"1500\"> Os nossos servi\u00e7os s\u00e3o concebidos com o objetivo de proporcionarmos um&nbsp;acompanhamento t\u00e9cnico,&nbsp;rigoroso&nbsp;e&nbsp;personalizado&nbsp;nos processos de decis\u00e3o da sua empresa<\/p>\n          <a href=\"https:\/\/www.estrategiapreponderante.pt\/site\/index.php\/quem-somos\/\" class=\"u-active-white u-border-4 u-border-active-white u-border-hover-white u-border-white u-btn u-btn-round u-button-style u-hover-white u-palette-3-base u-radius-50 u-text-active-palette-1-base u-text-hover-palette-1-base u-btn-1\" data-animation-name=\"customAnimationIn\" data-animation-duration=\"1500\" data-animation-delay=\"500\">ver mais<\/a>\n        <\/div>\n      <\/div>\n    <\/section>\n    <section class=\"u-align-center u-clearfix u-white u-section-3\" id=\"carousel_221c\">\n      <div class=\"u-clearfix u-sheet u-sheet-1\">\n        <div class=\"u-expanded-width u-list u-list-1\">\n          <div class=\"u-repeater u-repeater-1\">\n            <div class=\"u-align-center u-container-style u-custom-border u-custom-color-1 u-custom-item u-list-item u-radius-20 u-repeater-item u-shape-round u-list-item-1\" data-animation-name=\"customAnimationIn\" data-animation-duration=\"1500\">\n              <div class=\"u-container-layout u-similar-container u-valign-top u-container-layout-1\"><span class=\"u-icon u-icon-rounded u-radius-20 u-text-custom-color-1 u-white u-icon-1\" data-animation-name=\"\" data-animation-duration=\"0\" data-animation-delay=\"0\" data-animation-direction=\"\"><svg class=\"u-svg-link\" preserveAspectRatio=\"xMidYMin slice\" viewBox=\"0 0 512 512\" style=\"\"><use xmlns:xlink=\"http:\/\/www.w3.org\/1999\/xlink\" xlink:href=\"#svg-2e2d\"><\/use><\/svg><svg class=\"u-svg-content\" viewBox=\"0 0 512 512\" id=\"svg-2e2d\"><g><path d=\"m193.29 395.63c-42.64 0-77.33-34.69-77.33-77.33v-25.59c-62.506-3.875-116.177 46.692-115.959 109.34 0 60.4 49.14 109.53 109.53 109.53 62.65.217 113.214-53.436 109.34-115.95z\"><\/path><path d=\"m262.94 146.56h-69.65c-26.1 0-47.33 21.24-47.33 47.33-.042 16.556.03 110.208 0 124.41 0 26.09 21.23 47.33 47.33 47.33 14.916-.029 107.366.021 124.4 0 26.1 0 47.33-21.24 47.33-47.33v-68.81h-102.08z\"><\/path><path d=\"m292.94.42v219.07h219.06v-219.07z\"><\/path>\n<\/g><\/svg>\n            \n            \n          <\/span>\n                <h4 class=\"u-align-center u-custom-font u-font-montserrat u-text u-text-default u-text-1\"> Consultoria Empresarial<\/h4>\n                <p class=\"u-align-center u-text u-text-2\"> A Consultoria Empresarial passa por um apoio direto \u00e0 Gest\u00e3o, munindo e desenvolvendo em parceria ferramentas din\u00e2micas <\/p><span class=\"u-custom-item u-file-icon u-icon u-text-white u-icon-2\" data-href=\"https:\/\/www.estrategiapreponderante.pt\/site\/index.php\/consultoria-empresarial\/\" title=\"Consultoria Empresarial\"><img decoding=\"async\" src=\"https:\/\/www.estrategiapreponderante.pt\/site\/wp-content\/uploads\/2024\/02\/a90f2e2e.png\" alt=\"\"><\/span>\n              <\/div>\n            <\/div>\n            <div class=\"u-container-style u-custom-border u-custom-color-2 u-custom-item u-list-item u-radius-20 u-repeater-item u-shape-round u-list-item-2\" data-animation-name=\"customAnimationIn\" data-animation-duration=\"1500\" data-animation-delay=\"250\">\n              <div class=\"u-container-layout u-similar-container u-valign-top u-container-layout-2\"><span class=\"u-icon u-icon-rounded u-radius-20 u-text-custom-color-2 u-white u-icon-3\"><svg class=\"u-svg-link\" preserveAspectRatio=\"xMidYMin slice\" viewBox=\"0 0 512.001 512.001\" style=\"\"><use xmlns:xlink=\"http:\/\/www.w3.org\/1999\/xlink\" xlink:href=\"#svg-38fc\"><\/use><\/svg><svg class=\"u-svg-content\" viewBox=\"0 0 512.001 512.001\" x=\"0px\" y=\"0px\" id=\"svg-38fc\" style=\"enable-background:new 0 0 512.001 512.001;\"><g><g><path d=\"M502.979,317.996L230.502,199.598c26.679-30.977,43.37-68.952,48.104-109.598h16.395c8.284,0,15-6.716,15-15V15    c0-8.284-6.716-15-15-15h-60c-8.284,0-15,6.716-15,15v60c0,8.284,6.716,15,15,15h13.362    c-5.335,38.976-23.597,74.898-52.382,102.447c-29.08,27.831-66.261,44.536-105.98,47.907v-9.265c0-8.284-6.716-15-15-15h-60    c-8.284,0-15,6.716-15,15v60c0,8.284,6.716,15,15,15h60c8.284,0,15-6.716,15-15v-20.631    c39.772-2.876,77.462-17.167,109.042-41.233l118.953,273.754c2.391,5.5,7.81,9.022,13.753,9.022c0.283,0,0.567-0.008,0.853-0.024    c6.272-0.355,11.659-4.582,13.496-10.589l27.229-89.03c5.725-18.716,20.315-33.307,39.03-39.031l89.03-27.229    c6.008-1.837,10.234-7.224,10.589-13.497C512.332,326.329,508.741,320.5,502.979,317.996z\"><\/path>\n<\/g>\n<\/g><\/svg>\n            \n            \n          <\/span>\n                <h4 class=\"u-align-center u-custom-font u-font-montserrat u-text u-text-default u-text-3\"> Projetos de Investimento&nbsp;<\/h4>\n                <p class=\"u-align-center u-text u-text-4\"> Os Projetos de Investimento s\u00e3o elaborados sob a forma de candidaturas a apoios comunit\u00e1rios ou sob a forma de Plano de Neg\u00f3cios<\/p><span class=\"u-custom-item u-file-icon u-icon u-text-white u-icon-4\" data-href=\"https:\/\/www.estrategiapreponderante.pt\/site\/index.php\/projetos-de-investimento\/\" title=\"Projetos de Investimento\"><img decoding=\"async\" src=\"https:\/\/www.estrategiapreponderante.pt\/site\/wp-content\/uploads\/2024\/02\/38b67041.png\" alt=\"\"><\/span>\n              <\/div>\n            <\/div>\n            <div class=\"u-align-center u-container-style u-custom-border u-custom-color-1 u-custom-item u-list-item u-radius-20 u-repeater-item u-shape-round u-list-item-3\" data-animation-name=\"customAnimationIn\" data-animation-duration=\"1500\" data-animation-delay=\"500\">\n              <div class=\"u-container-layout u-similar-container u-valign-top u-container-layout-3\"><span class=\"u-file-icon u-icon u-icon-rounded u-radius-20 u-text-custom-color-1 u-white u-icon-5\" data-animation-name=\"\" data-animation-duration=\"0\" data-animation-delay=\"0\" data-animation-direction=\"\"><img decoding=\"async\" src=\"https:\/\/www.estrategiapreponderante.pt\/site\/wp-content\/uploads\/2024\/02\/742fe5a7.png\" alt=\"\"><\/span>\n                <h4 class=\"u-align-center u-custom-font u-font-montserrat u-text u-text-default u-text-5\">Marketing Empresarial<\/h4>\n                <p class=\"u-align-center u-text u-text-6\"> Com o Marketing empresarial pretendemos incrementar estrat\u00e9gias de Comunica\u00e7\u00e3o e Marketing<\/p><span class=\"u-custom-item u-file-icon u-icon u-text-white u-icon-6\" data-href=\"https:\/\/www.estrategiapreponderante.pt\/site\/index.php\/marketing-empresarial\/\" title=\"Marketing Empresarial\"><img decoding=\"async\" src=\"https:\/\/www.estrategiapreponderante.pt\/site\/wp-content\/uploads\/2024\/02\/a90f2e2e.png\" alt=\"\"><\/span>\n              <\/div>\n            <\/div>\n          <\/div>\n        <\/div>\n      <\/div>\n    <\/section>\n    <section class=\"u-clearfix u-custom-color-1 u-valign-middle u-section-4\" id=\"carousel_3df5\">\n      <div class=\"u-align-center u-container-style u-expanded-width u-group u-shape-rectangle u-group-1\">\n        <div class=\"u-container-layout u-container-layout-1\">\n          <div class=\"u-expanded-height u-palette-3-base u-shape u-shape-rectangle u-shape-1\"><\/div>\n          <div class=\"u-expanded-height u-palette-3-base u-shape u-shape-rectangle u-shape-2\"><\/div>\n          <h2 class=\"u-text u-text-1\" data-animation-name=\"customAnimationIn\" data-animation-duration=\"1500\" data-animation-delay=\"500\"> Planeamento e Controlo de Gest\u00e3o<\/h2>\n          <div class=\"u-border-2 u-border-white u-line u-line-horizontal u-line-1\"><\/div>\n          <p class=\"u-text u-text-2\" data-animation-name=\"customAnimationIn\" data-animation-duration=\"1500\"> O nosso servi\u00e7o de apoio \u00e0 gest\u00e3o de empresas, foi concebido com o objetivo de proporcionar ao cliente um&nbsp;acompanhamento t\u00e9cnico,&nbsp;rigoroso&nbsp;e&nbsp;personalizado&nbsp;nos processos de decis\u00e3o da gest\u00e3o da sua empresa.<\/p>\n          <a href=\"https:\/\/www.estrategiapreponderante.pt\/site\/index.php\/quem-somos\/\" class=\"u-active-white u-border-4 u-border-active-white u-border-hover-white u-border-white u-btn u-btn-round u-button-style u-hover-white u-palette-3-base u-radius-50 u-text-active-palette-1-base u-text-hover-palette-1-base u-btn-1\" data-animation-name=\"customAnimationIn\" data-animation-duration=\"1500\" data-animation-delay=\"500\">ver mais<\/a>\n        <\/div>\n      <\/div>\n    <\/section>\n    <section class=\"u-align-center u-clearfix u-section-5\" id=\"carousel_6154\">\n      <div class=\"u-clearfix u-sheet u-sheet-1\">\n        <div class=\"u-border-2 u-border-grey-dark-1 u-line u-line-horizontal u-line-1\"><\/div>\n        <h2 class=\"u-text u-text-custom-color-1 u-text-1\" data-animation-name=\"customAnimationIn\" data-animation-duration=\"1000\">Projetos de Investimento<\/h2>\n        <p class=\"u-align-justify u-text u-text-2\" data-animation-name=\"customAnimationIn\" data-animation-duration=\"1000\"> O Portugal 2030 \u00e9 implementado atrav\u00e9s de 12 programas: quatro de \u00e2mbito tem\u00e1tico \u2013 Demografia, qualifica\u00e7\u00f5es e inclus\u00e3o; Inova\u00e7\u00e3o e transi\u00e7\u00e3o digital; A\u00e7\u00e3o clim\u00e1tica e sustentabilidade e Mar; cinco\u202fRegionais, correspondentes \u00e0s NUTS II do Continente, dois das Regi\u00f5es Aut\u00f3nomas e um de Assist\u00eancia T\u00e9cnica. A estes acrescem os Programas de Coopera\u00e7\u00e3o Territorial Europeia em que Portugal participa.&nbsp;<\/p>\n        <div class=\"u-video u-video-contain u-video-1\" data-animation-name=\"customAnimationIn\" data-animation-duration=\"1000\" data-animation-direction=\"\">\n          <div class=\"embed-responsive embed-responsive-1\">\n            <iframe style=\"position: absolute;top: 0;left: 0;width: 100%;height: 100%;\" class=\"embed-responsive-item\" src=\"https:\/\/www.youtube.com\/embed\/tdV5UcnR0vU?playlist=tdV5UcnR0vU&amp;loop=1&amp;mute=1&amp;showinfo=0&amp;controls=0&amp;start=0&amp;autoplay=1\" data-autoplay=\"1\" frameborder=\"0\" allowfullscreen=\"\"><\/iframe>\n          <\/div>\n        <\/div>\n      <\/div>\n    <\/section>\n    <section class=\"skrollable skrollable-between u-align-center u-clearfix u-image u-shading u-section-6\" id=\"carousel_e141\" src=\"\" data-image-width=\"1620\" data-image-height=\"1080\" style=\"background-image: linear-gradient(0deg, rgba(51, 91, 80, 0.85), rgba(51, 91, 80, 0.85)), url(&quot;https:\/\/www.estrategiapreponderante.pt\/site\/wp-content\/uploads\/2024\/02\/jhhhhhh.jpg&quot;);\">\n      <div class=\"u-clearfix u-sheet u-sheet-1\">\n        <h2 class=\"u-text u-text-default u-text-1\" data-animation-name=\"customAnimationIn\" data-animation-duration=\"1500\">A nossa ess\u00eancia...<\/h2>\n        <p class=\"u-large-text u-text u-text-variant u-text-2\" data-animation-name=\"customAnimationIn\" data-animation-duration=\"1500\" data-animation-delay=\"500\">Ter um papel ativo e preponderante na proje\u00e7\u00e3o do tecido empresarial da nossa regi\u00e3o. <\/p>\n        <div class=\"u-clearfix u-layout-custom-sm u-layout-custom-xs u-layout-wrap u-layout-wrap-1\">\n          <div class=\"u-layout\">\n            <div class=\"u-layout-row\">\n              <div class=\"u-align-center-xs u-align-left-lg u-align-left-md u-align-left-sm u-align-left-xl u-container-style u-layout-cell u-left-cell u-size-10-lg u-size-10-md u-size-10-sm u-size-10-xl u-size-60-xs u-layout-cell-1\">\n                <div class=\"u-container-layout u-valign-top-xs u-container-layout-1\"><\/div>\n              <\/div>\n              <div class=\"cell-temp-clone u-align-center-xs u-align-left-lg u-align-left-md u-align-left-sm u-align-left-xl u-container-style u-layout-cell u-left-cell u-size-40-lg u-size-40-md u-size-40-sm u-size-40-xl u-size-60-xs u-layout-cell-2\">\n                <div class=\"u-container-layout u-valign-bottom u-container-layout-2\">\n                  <a href=\"https:\/\/www.estrategiapreponderante.pt\/site\/index.php\/quem-somos\/\" class=\"u-active-white u-border-4 u-border-active-white u-border-hover-white u-border-palette-4-base u-btn u-btn-round u-button-style u-hover-white u-palette-4-base u-radius-50 u-text-active-palette-1-base u-text-hover-palette-1-base u-btn-1\" data-animation-name=\"customAnimationIn\" data-animation-duration=\"1750\" data-animation-delay=\"500\">Saber mais<\/a>\n                <\/div>\n              <\/div>\n              <div class=\"u-align-center-xs u-align-right-lg u-align-right-md u-align-right-sm u-align-right-xl u-container-style u-layout-cell u-right-cell u-size-10-lg u-size-10-md u-size-10-sm u-size-10-xl u-size-60-xs u-layout-cell-3\">\n                <div class=\"u-container-layout u-valign-top u-container-layout-3\"><\/div>\n              <\/div>\n            <\/div>\n          <\/div>\n        <\/div>\n      <\/div>\n    <\/section>\n    <section class=\"u-clearfix u-custom-color-2 u-section-7\" id=\"sec-4577\">\n      <div class=\"u-clearfix u-sheet u-sheet-1\">\n        <div class=\"data-layout-selected u-clearfix u-expanded-width u-layout-wrap u-layout-wrap-1\">\n          <div class=\"u-layout\">\n            <div class=\"u-layout-row\">\n              <div class=\"u-container-style u-layout-cell u-size-34-xl u-size-39-lg u-size-39-md u-size-39-sm u-size-39-xs u-layout-cell-1\" data-animation-name=\"customAnimationIn\" data-animation-duration=\"1500\" data-animation-delay=\"500\">\n                <div class=\"u-container-layout u-valign-top-lg u-valign-top-md u-valign-top-sm u-valign-top-xs u-container-layout-1\">\n                  <h2 class=\"u-text u-text-1\"> Subscrever a Newsletter<\/h2>\n                  <p class=\"u-text u-text-2\">Fique informado sobre alguns temas de interesse para a sua empresa<\/p>\n                  <div class=\"u-form u-form-1\">\n                    <form action=\"https:\/\/forms.nicepagesrv.com\/v2\/form\/process\" class=\"u-clearfix u-form-horizontal u-form-spacing-13 u-inner-form\" source=\"email\" name=\"form\" style=\"padding: 0px;\">\n                      <div class=\"u-form-email u-form-group u-label-none\">\n                        <label class=\"u-label u-label-1\">Email<\/label>\n                        <input type=\"email\" placeholder=\"Colocar um endere\u00e7o v\u00e1lido\" id=\"email-6564\" name=\"email\" class=\"u-border-5 u-border-grey-5 u-grey-5 u-input u-input-rectangle u-radius-50\" required=\"\">\n                      <\/div>\n                      <div class=\"u-align-left u-form-group u-form-submit u-label-none\">\n                        <a href=\"#\" class=\"u-active-palette-1-dark-3 u-border-5 u-border-active-palette-1-dark-3 u-border-hover-palette-1-dark-3 u-border-palette-1-base u-btn u-btn-round u-btn-submit u-button-style u-hover-palette-1-dark-3 u-palette-1-base u-radius-50 u-btn-1\">Enviar<\/a>\n                        <input type=\"submit\" value=\"submit\" class=\"u-form-control-hidden\">\n                      <\/div>\n                      <div class=\"u-form-send-message u-form-send-success\"> Thank you! Your message has been sent. <\/div>\n                      <div class=\"u-form-send-error u-form-send-message\"> Unable to send your message. Please fix errors then try again. <\/div>\n                      <input type=\"hidden\" value=\"\" name=\"recaptchaResponse\">\n                      <input type=\"hidden\" name=\"formServices\" value=\"5212676a09d788cc61634212a52a062d\">\n                      <input type=\"hidden\" name=\"siteKey\" value=\"6Lek6MojAAAAAF-2yrXsv5yPF3OckqwHnr2Uh9N9\">\n                    <\/form>\n                  <\/div>\n                <\/div>\n              <\/div>\n              <div class=\"u-align-left u-container-style u-layout-cell u-size-21-lg u-size-21-md u-size-21-sm u-size-21-xs u-size-26-xl u-layout-cell-2\" data-animation-name=\"customAnimationIn\" data-animation-duration=\"1500\" data-animation-delay=\"500\">\n                <div class=\"u-container-layout u-container-layout-2\">\n                  <ul class=\"u-custom-list u-file-icon u-text u-text-3\">\n                    <li style=\"padding-left: 10px;\">\n                      <div class=\"u-list-icon u-text-white\">\n                        <svg class=\"u-svg-content\" viewBox=\"0 0 512 512\" id=\"svg-53bb\"><path d=\"m433.1 67.1-231.8 231.9c-6.2 6.2-16.4 6.2-22.6 0l-99.8-99.8-78.9 78.8 150.5 150.5c10.5 10.5 24.6 16.3 39.4 16.3 14.8 0 29-5.9 39.4-16.3l282.7-282.5z\" fill=\"currentColor\"><\/path><\/svg>\n                      <\/div>Consultoria Empresarial\n                    <\/li>\n                    <li style=\"padding-left: 10px;\">\n                      <div class=\"u-list-icon u-text-white\">\n                        <svg class=\"u-svg-content\" viewBox=\"0 0 512 512\" id=\"svg-53bb\"><path d=\"m433.1 67.1-231.8 231.9c-6.2 6.2-16.4 6.2-22.6 0l-99.8-99.8-78.9 78.8 150.5 150.5c10.5 10.5 24.6 16.3 39.4 16.3 14.8 0 29-5.9 39.4-16.3l282.7-282.5z\" fill=\"currentColor\"><\/path><\/svg>\n                      <\/div>Projetos de Investimento\n                    <\/li>\n                    <li style=\"padding-left: 10px;\">\n                      <div class=\"u-list-icon u-text-white\">\n                        <svg class=\"u-svg-content\" viewBox=\"0 0 512 512\" id=\"svg-53bb\"><path d=\"m433.1 67.1-231.8 231.9c-6.2 6.2-16.4 6.2-22.6 0l-99.8-99.8-78.9 78.8 150.5 150.5c10.5 10.5 24.6 16.3 39.4 16.3 14.8 0 29-5.9 39.4-16.3l282.7-282.5z\" fill=\"currentColor\"><\/path><\/svg>\n                      <\/div>Marketing Empresarial\n                    <\/li>\n                  <\/ul>\n                <\/div>\n              <\/div>\n            <\/div>\n          <\/div>\n        <\/div>\n      <\/div>\n    <\/section>\n    <section class=\"u-clearfix u-palette-1-base u-section-8\" id=\"sec-c480\">\n      <div class=\"u-clearfix u-sheet u-valign-middle u-sheet-1\">\n        <a href=\"https:\/\/www.livroreclamacoes.pt\/Pedido\/Reclamacao\" class=\"u-border-1 u-border-active-palette-2-base u-border-hover-palette-1-base u-border-no-left u-border-no-right u-border-no-top u-btn u-button-style u-none u-text-body-alt-color u-btn-1\" target=\"_blank\">Livro de Reclama\u00e7\u00f5es <\/a>\n        <a href=\"https:\/\/www.estrategiapreponderante.pt\/site\/politica\/\" class=\"u-border-1 u-border-active-palette-2-base u-border-hover-palette-1-base u-border-no-left u-border-no-right u-border-no-top u-btn u-button-style u-none u-text-body-alt-color u-btn-2\">Pol\u00edtica de Privacidade <\/a>\n      <\/div>\n    <\/section>\n    \n    \n    \n  \n","protected":false},"excerpt":{"rendered":"<p>O Nosso Profissionalismo&nbsp;ao Servi\u00e7o da Sua Empresa Os nossos servi\u00e7os s\u00e3o concebidos com o objetivo de proporcionarmos um&nbsp;acompanhamento t\u00e9cnico,&nbsp;rigoroso&nbsp;e&nbsp;personalizado&nbsp;nos processos de decis\u00e3o da sua empresa ver mais Consultoria Empresarial A Consultoria Empresarial passa por um apoio direto \u00e0 Gest\u00e3o, munindo e desenvolvendo em parceria ferramentas din\u00e2micas Projetos de Investimento&nbsp; Os Projetos de Investimento s\u00e3o elaborados &hellip; <a href=\"https:\/\/www.estrategiapreponderante.pt\/site\/\" class=\"more-link\">Continue reading<span class=\"screen-reader-text\"> &#8220;Entrada&#8221;<\/span><\/a><\/p>\n","protected":false},"author":2,"featured_media":0,"parent":0,"menu_order":1,"comment_status":"closed","ping_status":"closed","template":"","meta":{"footnotes":""},"class_list":["post-130","page","type-page","status-publish","hentry"],"_links":{"self":[{"href":"https:\/\/www.estrategiapreponderante.pt\/site\/wp-json\/wp\/v2\/pages\/130","targetHints":{"allow":["GET"]}}],"collection":[{"href":"https:\/\/www.estrategiapreponderante.pt\/site\/wp-json\/wp\/v2\/pages"}],"about":[{"href":"https:\/\/www.estrategiapreponderante.pt\/site\/wp-json\/wp\/v2\/types\/page"}],"author":[{"embeddable":true,"href":"https:\/\/www.estrategiapreponderante.pt\/site\/wp-json\/wp\/v2\/users\/2"}],"replies":[{"embeddable":true,"href":"https:\/\/www.estrategiapreponderante.pt\/site\/wp-json\/wp\/v2\/comments?post=130"}],"version-history":[{"count":8,"href":"https:\/\/www.estrategiapreponderante.pt\/site\/wp-json\/wp\/v2\/pages\/130\/revisions"}],"predecessor-version":[{"id":368,"href":"https:\/\/www.estrategiapreponderante.pt\/site\/wp-json\/wp\/v2\/pages\/130\/revisions\/368"}],"wp:attachment":[{"href":"https:\/\/www.estrategiapreponderante.pt\/site\/wp-json\/wp\/v2\/media?parent=130"}],"curies":[{"name":"wp","href":"https:\/\/api.w.org\/{rel}","templated":true}]}}